{"id":2850,"date":"2021-11-01T22:52:48","date_gmt":"2021-11-01T21:52:48","guid":{"rendered":"http:\/\/www.fondazionegiuseppepera.it\/home-2\/"},"modified":"2022-02-19T15:23:15","modified_gmt":"2022-02-19T14:23:15","slug":"home-2","status":"publish","type":"page","link":"https:\/\/www.fondazionegiuseppepera.it\/en\/","title":{"rendered":"Home"},"content":{"rendered":"<div id=\"carousel-51874\" class=\"carousel slide\" data-ride=\"carousel\" data-interval=\"5000\">\n<ol class=\"carousel-indicators\">\n<li data-target=\"#carousel-51874\" data-slide-to=\"0\" class=\"active\"><\/li>\n<li data-target=\"#carousel-51874\" data-slide-to=\"1\"><\/li>\n<\/ol>\n<div class=\"carousel-inner\">\n<div class=\"carousel-item active\">\n<div class=\"inner bgcover \">\n<div class=\"wp-block-cover bannerhome\"><img loading=\"lazy\" width=\"1920\" height=\"925\" class=\"wp-block-cover__image-background wp-image-3215\" alt=\"\" src=\"http:\/\/www.fondazionegiuseppepera.it\/wp-content\/uploads\/2021\/11\/slide-2-pera-red.jpg\" data-object-fit=\"cover\" srcset=\"https:\/\/www.fondazionegiuseppepera.it\/wp-content\/uploads\/2021\/11\/slide-2-pera-red.jpg 1920w, https:\/\/www.fondazionegiuseppepera.it\/wp-content\/uploads\/2021\/11\/slide-2-pera-red-720x347.jpg 720w, https:\/\/www.fondazionegiuseppepera.it\/wp-content\/uploads\/2021\/11\/slide-2-pera-red-1110x535.jpg 1110w, https:\/\/www.fondazionegiuseppepera.it\/wp-content\/uploads\/2021\/11\/slide-2-pera-red-768x370.jpg 768w, https:\/\/www.fondazionegiuseppepera.it\/wp-content\/uploads\/2021\/11\/slide-2-pera-red-1536x740.jpg 1536w\" sizes=\"(max-width: 1920px) 100vw, 1920px\" \/><\/p>\n<div class=\"wp-block-cover__inner-container\">\n<div class=\"wp-container-15 wp-block-group container\">\n<div class=\"wp-block-group__inner-container\">\n<figure class=\"wp-block-image size-large is-resized mb-5\"><img loading=\"lazy\" src=\"http:\/\/www.fondazionegiuseppepera.it\/wp-content\/uploads\/2021\/11\/fondazione-pera_claim.svg\" alt=\"\" class=\"wp-image-2851\" width=\"400\" height=\"134\"\/><\/figure>\n<div class=\"wp-container-14 wp-block-buttons\">\n<div class=\"wp-block-button\"><a class=\"wp-block-button__link has-white-background-color has-text-color has-background no-border-radius\" href=\"http:\/\/www.fondazionegiuseppepera.it\/presentazione\/\" style=\"color:#939393\">Scopri di pi\u00f9 sulla Fondazione<\/a><\/div>\n<\/div>\n<\/div>\n<\/div>\n<\/div>\n<\/div>\n\n<\/div>\n<\/div>\n<div class=\"carousel-item\">\n<div class=\"inner bgcover \">\n<div class=\"wp-block-cover bannerhome\"><img loading=\"lazy\" width=\"1920\" height=\"925\" class=\"wp-block-cover__image-background wp-image-2844\" alt=\"\" src=\"http:\/\/www.fondazionegiuseppepera.it\/wp-content\/uploads\/2021\/11\/bg_fondazione.jpg\" data-object-fit=\"cover\" srcset=\"https:\/\/www.fondazionegiuseppepera.it\/wp-content\/uploads\/2021\/11\/bg_fondazione.jpg 1920w, https:\/\/www.fondazionegiuseppepera.it\/wp-content\/uploads\/2021\/11\/bg_fondazione-720x347.jpg 720w, https:\/\/www.fondazionegiuseppepera.it\/wp-content\/uploads\/2021\/11\/bg_fondazione-1110x535.jpg 1110w, https:\/\/www.fondazionegiuseppepera.it\/wp-content\/uploads\/2021\/11\/bg_fondazione-768x370.jpg 768w, https:\/\/www.fondazionegiuseppepera.it\/wp-content\/uploads\/2021\/11\/bg_fondazione-1536x740.jpg 1536w\" sizes=\"(max-width: 1920px) 100vw, 1920px\" \/><\/p>\n<div class=\"wp-block-cover__inner-container\">\n<div class=\"wp-container-17 wp-block-group container\">\n<div class=\"wp-block-group__inner-container\">\n<figure class=\"wp-block-image size-large is-resized mb-5\"><img loading=\"lazy\" src=\"http:\/\/www.fondazionegiuseppepera.it\/wp-content\/uploads\/2021\/11\/fondazione-pera_claim.svg\" alt=\"\" class=\"wp-image-2851\" width=\"400\" height=\"134\"\/><\/figure>\n<div class=\"wp-container-16 wp-block-buttons\">\n<div class=\"wp-block-button\"><a class=\"wp-block-button__link has-white-background-color has-text-color has-background no-border-radius\" href=\"http:\/\/www.fondazionegiuseppepera.it\/presentazione\/\" style=\"color:#939393\">Scopri di pi\u00f9 sulla Fondazione<\/a><\/div>\n<\/div>\n<\/div>\n<\/div>\n<\/div>\n<\/div>\n\n<\/div>\n<\/div>\n<\/div>\n<\/div>\n\n\n\n<div class=\"wp-container-7 wp-block-group bglightgrey py-4\"><div class=\"wp-block-group__inner-container\">\n<div class=\"wp-container-6 wp-block-group container\"><div class=\"wp-block-group__inner-container\">\n<div class=\"wp-container-5 wp-block-columns mb-0\">\n<div class=\"wp-container-2 wp-block-column\">\n<div class=\"wp-container-1 wp-block-group iconlink\"><div class=\"wp-block-group__inner-container\">\n<p><a href=\"http:\/\/www.fondazionegiuseppepera.it\/category\/news\/\"><img data-attachment-id=\"2876\" data-permalink=\"https:\/\/www.fondazionegiuseppepera.it\/en\/home-2\/clipboard-2\/\" data-orig-file=\"https:\/\/www.fondazionegiuseppepera.it\/wp-content\/uploads\/2021\/11\/clipboard.svg\" data-orig-size=\"\" data-comments-opened=\"0\" data-image-meta=\"[]\" data-image-title=\"clipboard\" data-image-description=\"\" data-image-caption=\"\" data-medium-file=\"https:\/\/www.fondazionegiuseppepera.it\/wp-content\/uploads\/2021\/11\/clipboard.svg\" data-large-file=\"https:\/\/www.fondazionegiuseppepera.it\/wp-content\/uploads\/2021\/11\/clipboard.svg\" class=\"wp-image-2876\" style=\"width: 64px;\" src=\"http:\/\/www.fondazionegiuseppepera.it\/wp-content\/uploads\/2021\/11\/clipboard.svg\" alt=\"\"><\/a><\/p>\n\n\n\n<p><a href=\"http:\/\/www.fondazionegiuseppepera.it\/category\/news\/\"><strong>News<\/strong><br>Vedi tutto &gt;<\/a><\/p>\n<\/div><\/div>\n<\/div>\n\n\n\n<div class=\"wp-container-4 wp-block-column\">\n<div class=\"wp-container-3 wp-block-group iconlink\"><div class=\"wp-block-group__inner-container\">\n<p><a href=\"http:\/\/www.fondazionegiuseppepera.it\/category\/eventi\/\"><img data-attachment-id=\"2880\" data-permalink=\"https:\/\/www.fondazionegiuseppepera.it\/en\/calendar-2\/\" data-orig-file=\"https:\/\/www.fondazionegiuseppepera.it\/wp-content\/uploads\/2021\/11\/calendar.svg\" data-orig-size=\"\" data-comments-opened=\"0\" data-image-meta=\"[]\" data-image-title=\"calendar\" data-image-description=\"\" data-image-caption=\"\" data-medium-file=\"https:\/\/www.fondazionegiuseppepera.it\/wp-content\/uploads\/2021\/11\/calendar.svg\" data-large-file=\"https:\/\/www.fondazionegiuseppepera.it\/wp-content\/uploads\/2021\/11\/calendar.svg\" class=\"wp-image-2880\" style=\"width: 64px;\" src=\"http:\/\/www.fondazionegiuseppepera.it\/wp-content\/uploads\/2021\/11\/calendar.svg\" alt=\"\"><\/a><\/p>\n\n\n\n<p><a href=\"http:\/\/www.fondazionegiuseppepera.it\/category\/eventi\/\"><strong>Eventi<\/strong><br>Vedi tutto &gt;<\/a><\/p>\n<\/div><\/div>\n<\/div>\n<\/div>\n<\/div><\/div>\n<\/div><\/div>\n\n\n\n<div class=\"wp-container-8 wp-block-group container py-5\"><div class=\"wp-block-group__inner-container\">\n<h1 class=\"mb-5\" id=\"la-fondazione\">La Fondazione<\/h1>\n\n\n\n<p class=\"lead\">La Fondazione Giuseppe Pera \u00e8 nata a Lucca nel 2010 con l\u2019intento di custodire e promuovere il pensiero e l\u2019opera di Giuseppe Pera. Si \u00e8 dotata di un Manifesto, di uno Statuto e di un International Board, nonch\u00e9 di un Comitato Scientifico di cui fanno parte gli stessi membri che compongono il Comitato Scientifico della Rivista italiana di diritto del lavoro diretta da Giuseppe Pera per venti anni.<br>Svolge attivit\u00e0 di formazione e di ricerca, con particolare attenzione ai pi\u00f9 giovani, organizza convegni e dibattiti sulle tematiche pi\u00f9 significative per il mondo del lavoro.<br>Punto di riferimento costante dei vari progetti sono i valori e il metodo di Giuseppe Pera che trovano espressione, con straordinaria attualit\u00e0, nelle istruzioni per i laureandi: attenzione al libero dibattito e ferma fiducia nella forza vitale della curiosit\u00e0 intellettuale.<\/p>\n<\/div><\/div>\n\n\n\n<div class=\"wp-container-13 wp-block-group bglightgrey py-5\"><div class=\"wp-block-group__inner-container\">\n<div class=\"wp-container-12 wp-block-group container\"><div class=\"wp-block-group__inner-container\">\n<div class=\"wp-container-11 wp-block-columns are-vertically-aligned-center mb-5\">\n<div class=\"wp-container-9 wp-block-column is-vertically-aligned-center\">\n<h2 class=\"h1 my-0\" id=\"news-recenti\">News recenti<\/h2>\n<\/div>\n\n\n\n<div class=\"wp-container-10 wp-block-column is-vertically-aligned-center\">\n<p class=\"has-text-align-right my-3\"><a href=\"http:\/\/www.fondazionegiuseppepera.it\/category\/news\/\">Leggi tutte le news &gt;<\/a><\/p>\n<\/div>\n<\/div>\n\n\n<div class=\"latestpost\">\n<\/div>\n<\/div><\/div>\n<\/div><\/div>\n\n\n\n<div class=\"wp-block-cover\" style=\"min-height:200px\"><span aria-hidden=\"true\" class=\"has-background-dim-0 wp-block-cover__gradient-background has-background-dim\"><\/span><img data-attachment-id=\"3370\" data-permalink=\"https:\/\/www.fondazionegiuseppepera.it\/en\/sostieni-la-fondazione-2\/\" data-orig-file=\"https:\/\/www.fondazionegiuseppepera.it\/wp-content\/uploads\/2021\/12\/sostieni-la-fondazione.jpg\" data-orig-size=\"1920,265\" data-comments-opened=\"0\" data-image-meta=\"{&quot;aperture&quot;:&quot;0&quot;,&quot;credit&quot;:&quot;&quot;,&quot;camera&quot;:&quot;&quot;,&quot;caption&quot;:&quot;&quot;,&quot;created_timestamp&quot;:&quot;0&quot;,&quot;copyright&quot;:&quot;&quot;,&quot;focal_length&quot;:&quot;0&quot;,&quot;iso&quot;:&quot;0&quot;,&quot;shutter_speed&quot;:&quot;0&quot;,&quot;title&quot;:&quot;&quot;,&quot;orientation&quot;:&quot;0&quot;}\" data-image-title=\"sostieni-la-fondazione\" data-image-description=\"\" data-image-caption=\"\" data-medium-file=\"https:\/\/www.fondazionegiuseppepera.it\/wp-content\/uploads\/2021\/12\/sostieni-la-fondazione-720x99.jpg\" data-large-file=\"https:\/\/www.fondazionegiuseppepera.it\/wp-content\/uploads\/2021\/12\/sostieni-la-fondazione-1110x153.jpg\" loading=\"lazy\" width=\"1920\" height=\"265\" class=\"wp-block-cover__image-background wp-image-3370\" alt=\"\" src=\"https:\/\/www.fondazionegiuseppepera.it\/wp-content\/uploads\/2021\/12\/sostieni-la-fondazione.jpg\" data-object-fit=\"cover\" srcset=\"https:\/\/www.fondazionegiuseppepera.it\/wp-content\/uploads\/2021\/12\/sostieni-la-fondazione.jpg 1920w, https:\/\/www.fondazionegiuseppepera.it\/wp-content\/uploads\/2021\/12\/sostieni-la-fondazione-720x99.jpg 720w, https:\/\/www.fondazionegiuseppepera.it\/wp-content\/uploads\/2021\/12\/sostieni-la-fondazione-1110x153.jpg 1110w, https:\/\/www.fondazionegiuseppepera.it\/wp-content\/uploads\/2021\/12\/sostieni-la-fondazione-768x106.jpg 768w, https:\/\/www.fondazionegiuseppepera.it\/wp-content\/uploads\/2021\/12\/sostieni-la-fondazione-1536x212.jpg 1536w\" sizes=\"(max-width: 1920px) 100vw, 1920px\" \/><div class=\"wp-block-cover__inner-container\">\n<p class=\"has-text-align-center has-white-color has-text-color\" style=\"font-size:24px\"><a href=\"http:\/\/www.fondazionegiuseppepera.it\/orari-e-contatti\/sostieni-la-fondazione\/\">Sostieni la Fondazione<\/a><\/p>\n<\/div><\/div>\n\n\n\n<iframe src=\"https:\/\/www.google.com\/maps\/embed?pb=!1m18!1m12!1m3!1d2877.6009017913543!2d10.510249015846286!3d43.84337247911501!2m3!1f0!2f0!3f0!3m2!1i1024!2i768!4f13.1!3m3!1m2!1s0x12d583f40382aaf3%3A0x3d129356bb6fd895!2sFondazione%20Giuseppe%20Pera!5e0!3m2!1sit!2sit!4v1635948294704!5m2!1sit!2sit\" style=\"width: 100%;border:0; display: block;\" allowfullscreen=\"\" loading=\"lazy\" width=\"600\" height=\"450\"><\/iframe>\n","protected":false},"excerpt":{"rendered":"<p>NewsVedi tutto &gt; EventiVedi tutto &gt; La Fondazione La Fondazione Giuseppe Pera \u00e8 nata a Lucca nel 2010 con l\u2019intento di custodire e promuovere il pensiero e l\u2019opera di Giuseppe Pera. Si \u00e8 dotata di un Manifesto, di uno Statuto e di un International Board, nonch\u00e9 di un Comitato Scientifico di cui fanno parte gli stessi membri che compongono il Comitato Scientifico della Rivista italiana di diritto del lavoro diretta da Giuseppe Pera per venti anni.Svolge attivit\u00e0 di formazione e di ricerca, con particolare attenzione ai pi\u00f9 giovani, organizza convegni e dibattiti sulle tematiche pi\u00f9 significative per il mondo del lavoro.Punto di riferimento costante dei vari progetti sono i valori e il metodo di Giuseppe Pera che trovano espressione, con&hellip;<\/p>\n<p class=\"clearfix mb-0\"><a class=\"websoup-read-more-link font-weight-light\" href=\"https:\/\/www.fondazionegiuseppepera.it\/en\/?sliders=banner-1\">Read More&#8230;<\/a><\/p>\n","protected":false},"author":6,"featured_media":0,"parent":0,"menu_order":0,"comment_status":"closed","ping_status":"closed","template":"page-templates\/empty.php","meta":{"inline_featured_image":false},"yoast_head":"<!-- This site is optimized with the Yoast SEO plugin v20.6 - https:\/\/yoast.com\/wordpress\/plugins\/seo\/ -->\n<title>Home - Fondazione Giuseppe Pera<\/title>\n<meta name=\"robots\" content=\"index, follow, max-snippet:-1, max-image-preview:large, max-video-preview:-1\" \/>\n<link rel=\"canonical\" href=\"https:\/\/www.fondazionegiuseppepera.it\/en\/\" \/>\n<meta property=\"og:locale\" content=\"en_US\" \/>\n<meta property=\"og:type\" content=\"article\" \/>\n<meta property=\"og:title\" content=\"Home - Fondazione Giuseppe Pera\" \/>\n<meta property=\"og:description\" content=\"NewsVedi tutto &gt; EventiVedi tutto &gt; La Fondazione La Fondazione Giuseppe Pera \u00e8 nata a Lucca nel 2010 con l\u2019intento di custodire e promuovere il pensiero e l\u2019opera di Giuseppe Pera. Si \u00e8 dotata di un Manifesto, di uno Statuto e di un International Board, nonch\u00e9 di un Comitato Scientifico di cui fanno parte gli stessi membri che compongono il Comitato Scientifico della Rivista italiana di diritto del lavoro diretta da Giuseppe Pera per venti anni.Svolge attivit\u00e0 di formazione e di ricerca, con particolare attenzione ai pi\u00f9 giovani, organizza convegni e dibattiti sulle tematiche pi\u00f9 significative per il mondo del lavoro.Punto di riferimento costante dei vari progetti sono i valori e il metodo di Giuseppe Pera che trovano espressione, con&hellip;Read More...\" \/>\n<meta property=\"og:url\" content=\"https:\/\/www.fondazionegiuseppepera.it\/en\/\" \/>\n<meta property=\"og:site_name\" content=\"Fondazione Giuseppe Pera\" \/>\n<meta property=\"article:modified_time\" content=\"2022-02-19T14:23:15+00:00\" \/>\n<meta property=\"og:image\" content=\"http:\/\/www.fondazionegiuseppepera.it\/wp-content\/uploads\/2021\/11\/clipboard.svg\" \/>\n<meta name=\"twitter:card\" content=\"summary_large_image\" \/>\n<script type=\"application\/ld+json\" class=\"yoast-schema-graph\">{\"@context\":\"https:\/\/schema.org\",\"@graph\":[{\"@type\":\"WebPage\",\"@id\":\"https:\/\/www.fondazionegiuseppepera.it\/en\/\",\"url\":\"https:\/\/www.fondazionegiuseppepera.it\/en\/\",\"name\":\"Home - Fondazione Giuseppe Pera\",\"isPartOf\":{\"@id\":\"https:\/\/www.fondazionegiuseppepera.it\/en\/#website\"},\"datePublished\":\"2021-11-01T21:52:48+00:00\",\"dateModified\":\"2022-02-19T14:23:15+00:00\",\"breadcrumb\":{\"@id\":\"https:\/\/www.fondazionegiuseppepera.it\/en\/#breadcrumb\"},\"inLanguage\":\"en-US\",\"potentialAction\":[{\"@type\":\"ReadAction\",\"target\":[\"https:\/\/www.fondazionegiuseppepera.it\/en\/\"]}]},{\"@type\":\"BreadcrumbList\",\"@id\":\"https:\/\/www.fondazionegiuseppepera.it\/en\/#breadcrumb\",\"itemListElement\":[{\"@type\":\"ListItem\",\"position\":1,\"name\":\"Home\",\"item\":\"https:\/\/www.fondazionegiuseppepera.it\/en\/\"},{\"@type\":\"ListItem\",\"position\":2,\"name\":\"Home\"}]},{\"@type\":\"WebSite\",\"@id\":\"https:\/\/www.fondazionegiuseppepera.it\/en\/#website\",\"url\":\"https:\/\/www.fondazionegiuseppepera.it\/en\/\",\"name\":\"Fondazione Giuseppe Pera\",\"description\":\"\u201cLa chiarezza \u00e8 l\u2019onest\u00e0 dello studioso\u201d\",\"publisher\":{\"@id\":\"https:\/\/www.fondazionegiuseppepera.it\/en\/#organization\"},\"potentialAction\":[{\"@type\":\"SearchAction\",\"target\":{\"@type\":\"EntryPoint\",\"urlTemplate\":\"https:\/\/www.fondazionegiuseppepera.it\/en\/?s={search_term_string}\"},\"query-input\":\"required name=search_term_string\"}],\"inLanguage\":\"en-US\"},{\"@type\":\"Organization\",\"@id\":\"https:\/\/www.fondazionegiuseppepera.it\/en\/#organization\",\"name\":\"Fondazione Giuseppe Pera\",\"url\":\"https:\/\/www.fondazionegiuseppepera.it\/en\/\",\"logo\":{\"@type\":\"ImageObject\",\"inLanguage\":\"en-US\",\"@id\":\"https:\/\/www.fondazionegiuseppepera.it\/en\/#\/schema\/logo\/image\/\",\"url\":\"https:\/\/www.fondazionegiuseppepera.it\/wp-content\/uploads\/2019\/07\/logo.png\",\"contentUrl\":\"https:\/\/www.fondazionegiuseppepera.it\/wp-content\/uploads\/2019\/07\/logo.png\",\"width\":200,\"height\":85,\"caption\":\"Fondazione Giuseppe Pera\"},\"image\":{\"@id\":\"https:\/\/www.fondazionegiuseppepera.it\/en\/#\/schema\/logo\/image\/\"}}]}<\/script>\n<!-- \/ Yoast SEO plugin. -->","yoast_head_json":{"title":"Home - Fondazione Giuseppe Pera","robots":{"index":"index","follow":"follow","max-snippet":"max-snippet:-1","max-image-preview":"max-image-preview:large","max-video-preview":"max-video-preview:-1"},"canonical":"https:\/\/www.fondazionegiuseppepera.it\/en\/","og_locale":"en_US","og_type":"article","og_title":"Home - Fondazione Giuseppe Pera","og_description":"NewsVedi tutto &gt; EventiVedi tutto &gt; La Fondazione La Fondazione Giuseppe Pera \u00e8 nata a Lucca nel 2010 con l\u2019intento di custodire e promuovere il pensiero e l\u2019opera di Giuseppe Pera. Si \u00e8 dotata di un Manifesto, di uno Statuto e di un International Board, nonch\u00e9 di un Comitato Scientifico di cui fanno parte gli stessi membri che compongono il Comitato Scientifico della Rivista italiana di diritto del lavoro diretta da Giuseppe Pera per venti anni.Svolge attivit\u00e0 di formazione e di ricerca, con particolare attenzione ai pi\u00f9 giovani, organizza convegni e dibattiti sulle tematiche pi\u00f9 significative per il mondo del lavoro.Punto di riferimento costante dei vari progetti sono i valori e il metodo di Giuseppe Pera che trovano espressione, con&hellip;Read More...","og_url":"https:\/\/www.fondazionegiuseppepera.it\/en\/","og_site_name":"Fondazione Giuseppe Pera","article_modified_time":"2022-02-19T14:23:15+00:00","og_image":[{"url":"http:\/\/www.fondazionegiuseppepera.it\/wp-content\/uploads\/2021\/11\/clipboard.svg"}],"twitter_card":"summary_large_image","schema":{"@context":"https:\/\/schema.org","@graph":[{"@type":"WebPage","@id":"https:\/\/www.fondazionegiuseppepera.it\/en\/","url":"https:\/\/www.fondazionegiuseppepera.it\/en\/","name":"Home - Fondazione Giuseppe Pera","isPartOf":{"@id":"https:\/\/www.fondazionegiuseppepera.it\/en\/#website"},"datePublished":"2021-11-01T21:52:48+00:00","dateModified":"2022-02-19T14:23:15+00:00","breadcrumb":{"@id":"https:\/\/www.fondazionegiuseppepera.it\/en\/#breadcrumb"},"inLanguage":"en-US","potentialAction":[{"@type":"ReadAction","target":["https:\/\/www.fondazionegiuseppepera.it\/en\/"]}]},{"@type":"BreadcrumbList","@id":"https:\/\/www.fondazionegiuseppepera.it\/en\/#breadcrumb","itemListElement":[{"@type":"ListItem","position":1,"name":"Home","item":"https:\/\/www.fondazionegiuseppepera.it\/en\/"},{"@type":"ListItem","position":2,"name":"Home"}]},{"@type":"WebSite","@id":"https:\/\/www.fondazionegiuseppepera.it\/en\/#website","url":"https:\/\/www.fondazionegiuseppepera.it\/en\/","name":"Fondazione Giuseppe Pera","description":"\u201cLa chiarezza \u00e8 l\u2019onest\u00e0 dello studioso\u201d","publisher":{"@id":"https:\/\/www.fondazionegiuseppepera.it\/en\/#organization"},"potentialAction":[{"@type":"SearchAction","target":{"@type":"EntryPoint","urlTemplate":"https:\/\/www.fondazionegiuseppepera.it\/en\/?s={search_term_string}"},"query-input":"required name=search_term_string"}],"inLanguage":"en-US"},{"@type":"Organization","@id":"https:\/\/www.fondazionegiuseppepera.it\/en\/#organization","name":"Fondazione Giuseppe Pera","url":"https:\/\/www.fondazionegiuseppepera.it\/en\/","logo":{"@type":"ImageObject","inLanguage":"en-US","@id":"https:\/\/www.fondazionegiuseppepera.it\/en\/#\/schema\/logo\/image\/","url":"https:\/\/www.fondazionegiuseppepera.it\/wp-content\/uploads\/2019\/07\/logo.png","contentUrl":"https:\/\/www.fondazionegiuseppepera.it\/wp-content\/uploads\/2019\/07\/logo.png","width":200,"height":85,"caption":"Fondazione Giuseppe Pera"},"image":{"@id":"https:\/\/www.fondazionegiuseppepera.it\/en\/#\/schema\/logo\/image\/"}}]}},"_links":{"self":[{"href":"https:\/\/www.fondazionegiuseppepera.it\/en\/wp-json\/wp\/v2\/pages\/2850"}],"collection":[{"href":"https:\/\/www.fondazionegiuseppepera.it\/en\/wp-json\/wp\/v2\/pages"}],"about":[{"href":"https:\/\/www.fondazionegiuseppepera.it\/en\/wp-json\/wp\/v2\/types\/page"}],"author":[{"embeddable":true,"href":"https:\/\/www.fondazionegiuseppepera.it\/en\/wp-json\/wp\/v2\/users\/6"}],"replies":[{"embeddable":true,"href":"https:\/\/www.fondazionegiuseppepera.it\/en\/wp-json\/wp\/v2\/comments?post=2850"}],"version-history":[{"count":58,"href":"https:\/\/www.fondazionegiuseppepera.it\/en\/wp-json\/wp\/v2\/pages\/2850\/revisions"}],"predecessor-version":[{"id":3577,"href":"https:\/\/www.fondazionegiuseppepera.it\/en\/wp-json\/wp\/v2\/pages\/2850\/revisions\/3577"}],"wp:attachment":[{"href":"https:\/\/www.fondazionegiuseppepera.it\/en\/wp-json\/wp\/v2\/media?parent=2850"}],"curies":[{"name":"wp","href":"https:\/\/api.w.org\/{rel}","templated":true}]}}